{"id":67,"date":"2024-12-03T18:40:45","date_gmt":"2024-12-03T17:40:45","guid":{"rendered":"https:\/\/www.nabarro-beraud.com\/?page_id=67"},"modified":"2026-04-09T15:35:39","modified_gmt":"2026-04-09T13:35:39","slug":"67-2","status":"publish","type":"page","link":"https:\/\/www.nabarro-beraud.com\/?page_id=67","title":{"rendered":"Magali B\u00e9raud"},"content":{"rendered":"<p>[et_pb_section fb_built=\u00a0\u00bb1&Prime; admin_label=\u00a0\u00bbHeader\u00a0\u00bb _builder_version=\u00a0\u00bb4.27.4&Prime; _module_preset=\u00a0\u00bbdefault\u00a0\u00bb background_color=\u00a0\u00bb#006962&Prime; background_image=\u00a0\u00bbhttps:\/\/www.nabarro-beraud.com\/wp-content\/uploads\/2024\/12\/Une-boutique-entierement-dediee-au-financement-des-entreprises-1-scaled.jpg\u00a0\u00bb border_radii=\u00a0\u00bboff||||\u00a0\u00bb collapsed=\u00a0\u00bbon\u00a0\u00bb global_colors_info=\u00a0\u00bb{%22gcid-f6d37c03-5d24-466a-817a-5f8f247bddac%22:%91%22background_color%22%93}\u00a0\u00bb][et_pb_row column_structure=\u00a0\u00bb3_5,2_5&Prime; _builder_version=\u00a0\u00bb4.27.4&Prime; _module_preset=\u00a0\u00bbdefault\u00a0\u00bb custom_margin=\u00a0\u00bb-40px|auto||auto||\u00a0\u00bb global_colors_info=\u00a0\u00bb{}\u00a0\u00bb][et_pb_column type=\u00a0\u00bb3_5&Prime; _builder_version=\u00a0\u00bb4.27.4&Prime; _module_preset=\u00a0\u00bbdefault\u00a0\u00bb global_colors_info=\u00a0\u00bb{}\u00a0\u00bb][et_pb_image src=\u00a0\u00bbhttps:\/\/www.nabarro-beraud.com\/wp-content\/uploads\/2024\/12\/Beige-Minimaliste-Photo-Bonjour-Instagram-Story-1080-x-1300-px.png\u00a0\u00bb title_text=\u00a0\u00bbBeige Minimaliste Photo Bonjour Instagram Story (1080 x 1300 px)\u00a0\u00bb align=\u00a0\u00bbcenter\u00a0\u00bb disabled_on=\u00a0\u00bboff|on|on\u00a0\u00bb _builder_version=\u00a0\u00bb4.27.4&Prime; _module_preset=\u00a0\u00bbdefault\u00a0\u00bb width=\u00a0\u00bb80%\u00a0\u00bb max_width=\u00a0\u00bb80%\u00a0\u00bb global_colors_info=\u00a0\u00bb{}\u00a0\u00bb][\/et_pb_image][et_pb_text _builder_version=\u00a0\u00bb4.27.4&Prime; _module_preset=\u00a0\u00bbdefault\u00a0\u00bb text_font=\u00a0\u00bb&#8211;et_global_body_font|100|||||||\u00a0\u00bb text_text_color=\u00a0\u00bb#FFFFFF\u00a0\u00bb text_font_size=\u00a0\u00bb66px\u00a0\u00bb text_line_height=\u00a0\u00bb0em\u00a0\u00bb header_line_height=\u00a0\u00bb0.7em\u00a0\u00bb custom_margin=\u00a0\u00bb91px|||||\u00a0\u00bb text_font_size_tablet=\u00a0\u00bb66px\u00a0\u00bb text_font_size_phone=\u00a0\u00bb40px\u00a0\u00bb text_font_size_last_edited=\u00a0\u00bbon|phone\u00a0\u00bb global_colors_info=\u00a0\u00bb{}\u00a0\u00bb]<\/p>\n<p>Magali<\/p>\n<p>B\u00e9raud<\/p>\n<p>[\/et_pb_text][et_pb_text _builder_version=\u00a0\u00bb4.27.4&Prime; _module_preset=\u00a0\u00bbcca424e9-1068-4f3a-8726-996720a24ddd\u00a0\u00bb text_font=\u00a0\u00bb&#8211;et_global_body_font|300|||||||\u00a0\u00bb header_6_text_color=\u00a0\u00bb#FFFFFF\u00a0\u00bb custom_margin=\u00a0\u00bb||10px||false|false\u00a0\u00bb global_colors_info=\u00a0\u00bb{}\u00a0\u00bb]<\/p>\n<h6><\/h6>\n<h6>Associ\u00e9e<\/h6>\n<p>[\/et_pb_text][et_pb_text _builder_version=\u00a0\u00bb4.27.4&Prime; _module_preset=\u00a0\u00bbdefault\u00a0\u00bb custom_margin=\u00a0\u00bb||14px|||\u00a0\u00bb global_colors_info=\u00a0\u00bb{}\u00a0\u00bb]<\/p>\n<p><a href=\"https:\/\/www.linkedin.com\/in\/magali-b%C3%A9raud-550a0414?originalSubdomain=fr\" target=\"_blank\" rel=\"noopener\"><img loading=\"lazy\" decoding=\"async\" src=\"https:\/\/www.nabarro-beraud.com\/wp-content\/uploads\/2024\/12\/3-1-300x300.png\" width=\"30\" height=\"30\" alt=\"\" class=\"wp-image-176 alignnone size-medium\" \/><\/a>\u00a0 \u00a0\u00a0 <a href=\"mailto:magali.beraud@nabarro-beraud.com\"><img loading=\"lazy\" decoding=\"async\" src=\"https:\/\/www.nabarro-beraud.com\/wp-content\/uploads\/2024\/12\/4-1-300x300.png\" width=\"30\" height=\"30\" alt=\"\" class=\"wp-image-177 alignnone size-medium\" \/><\/a><\/p>\n<p>[\/et_pb_text][et_pb_text _builder_version=\u00a0\u00bb4.27.4&Prime; _module_preset=\u00a0\u00bbcca424e9-1068-4f3a-8726-996720a24ddd\u00a0\u00bb text_font=\u00a0\u00bb&#8211;et_global_body_font||||||||\u00a0\u00bb text_text_color=\u00a0\u00bb#FFFFFF\u00a0\u00bb header_6_text_color=\u00a0\u00bb#FFFFFF\u00a0\u00bb custom_margin=\u00a0\u00bb-11px|||||\u00a0\u00bb global_colors_info=\u00a0\u00bb{}\u00a0\u00bb]<\/p>\n<h6><\/h6>\n<p class=\"p1\"><b>Avocate \u00e0 la Cour depuis 2009<\/b>, Magali est une r\u00e9f\u00e9rence reconnue en droit bancaire et financier. Forte d&rsquo;une exp\u00e9rience riche et diversifi\u00e9e, elle accompagne avec succ\u00e8s emprunteurs, banques, sponsors et fonds de dette dans les op\u00e9rations les plus complexes.<\/p>\n<p><strong>Langues :<\/strong><\/p>\n<ul>\n<li>Fran\u00e7ais<\/li>\n<li>Anglais<\/li>\n<\/ul>\n<p>[\/et_pb_text][\/et_pb_column][et_pb_column type=\u00a0\u00bb2_5&Prime; _builder_version=\u00a0\u00bb4.27.4&Prime; _module_preset=\u00a0\u00bbdefault\u00a0\u00bb global_colors_info=\u00a0\u00bb{}\u00a0\u00bb][et_pb_image src=\u00a0\u00bbhttps:\/\/www.nabarro-beraud.com\/wp-content\/uploads\/2024\/12\/Beige-Minimaliste-Photo-Bonjour-Instagram-Story-1080-x-1300-px.png\u00a0\u00bb title_text=\u00a0\u00bbMagali  Beraud\u00a0\u00bb disabled_on=\u00a0\u00bbon|off|off\u00a0\u00bb _builder_version=\u00a0\u00bb4.27.4&Prime; _module_preset=\u00a0\u00bbdefault\u00a0\u00bb global_colors_info=\u00a0\u00bb{}\u00a0\u00bb][\/et_pb_image][\/et_pb_column][\/et_pb_row][\/et_pb_section][et_pb_section fb_built=\u00a0\u00bb1&Prime; admin_label=\u00a0\u00bbAbout\u00a0\u00bb _builder_version=\u00a0\u00bb4.24.2&Prime; _module_preset=\u00a0\u00bbdefault\u00a0\u00bb custom_padding=\u00a0\u00bb||4px|||\u00a0\u00bb collapsed=\u00a0\u00bbon\u00a0\u00bb global_colors_info=\u00a0\u00bb{}\u00a0\u00bb][et_pb_row column_structure=\u00a0\u00bb1_2,1_2&Prime; _builder_version=\u00a0\u00bb4.27.4&Prime; _module_preset=\u00a0\u00bbdefault\u00a0\u00bb custom_padding=\u00a0\u00bb||38px|||\u00a0\u00bb global_colors_info=\u00a0\u00bb{}\u00a0\u00bb][et_pb_column type=\u00a0\u00bb1_2&Prime; _builder_version=\u00a0\u00bb4.27.4&Prime; _module_preset=\u00a0\u00bbdefault\u00a0\u00bb global_colors_info=\u00a0\u00bb{}\u00a0\u00bb][et_pb_text _builder_version=\u00a0\u00bb4.27.4&Prime; _module_preset=\u00a0\u00bbdefault\u00a0\u00bb text_font=\u00a0\u00bb&#8211;et_global_body_font||||||||\u00a0\u00bb text_orientation=\u00a0\u00bbjustified\u00a0\u00bb global_colors_info=\u00a0\u00bb{}\u00a0\u00bb]<\/p>\n<p>Avocat \u00e0 la Cour depuis plus de 15 ans, Magali est une r\u00e9f\u00e9rence reconnue en droit bancaire et financier. Forte d\u2019une exp\u00e9rience riche et diversifi\u00e9e, elle accompagne avec succ\u00e8s emprunteurs, banques, sponsors et fonds de dette dans les op\u00e9rations les plus complexes, allant des financements d\u2019acquisitions (bancaires syndiqu\u00e9s, senior\/mezzanine, unitranche, PIK), au financement coporate, \u00e0 la titrisation et plus g\u00e9n\u00e9ralement aux op\u00e9rations de bas de bilan, aux financements immobiliers et d\u2019actifs, ainsi qu\u2019\u00e0 la fiducie. Elle se distingue \u00e9galement dans la gestion de restructurations de dettes, apportant des solutions cr\u00e9atives et sur mesure \u00e0 ses clients.<\/p>\n<p>Avant de co-fonder Nabarro B\u00e9raud Avocats, Magali a perfectionn\u00e9 son expertise au sein de cabinets de renom tels que Allen &amp; Overy et CMS Francis Lefebvre Avocats.<\/p>\n<p>En parall\u00e8le de son activit\u00e9 de conseil, Magali partage son savoir en tant que charg\u00e9e d\u2019enseignement \u00e0 l\u2019Universit\u00e9 Catholique de Lille et de l\u2019Universit\u00e9 Panth\u00e9on-Assas. Son excellence acad\u00e9mique se refl\u00e8te dans ses dipl\u00f4mes prestigieux : une ma\u00eetrise en droit international priv\u00e9 (Universit\u00e9 Panth\u00e9on-Assas), un DEA en droit des contrats (Universit\u00e9 Jean-Monnet), et un LL.M. en droit des affaires internationales (University of Exeter, Royaume-Uni).<\/p>\n<p>&nbsp;<\/p>\n<p>[\/et_pb_text][\/et_pb_column][et_pb_column type=\u00a0\u00bb1_2&Prime; _builder_version=\u00a0\u00bb4.27.4&Prime; _module_preset=\u00a0\u00bbdefault\u00a0\u00bb global_colors_info=\u00a0\u00bb{}\u00a0\u00bb][et_pb_text _builder_version=\u00a0\u00bb4.27.4&Prime; _module_preset=\u00a0\u00bbdefault\u00a0\u00bb text_font=\u00a0\u00bbPoppins||||||||\u00a0\u00bb text_orientation=\u00a0\u00bbjustified\u00a0\u00bb global_colors_info=\u00a0\u00bb{}\u00a0\u00bb]<\/p>\n<p>Salu\u00e9e par <i>Legal 500, Private Equity Magazine<\/i>, D\u00e9cideurs Magazine, <i>Chambers<\/i> et <i>Best Lawyers<\/i> pour son expertise en banque\/finance et en financements structur\u00e9s, Magali est reconnue pour son approche pragmatique. Les clients appr\u00e9cient particuli\u00e8rement son efficacit\u00e9 et son habilet\u00e9 \u00e0 obtenir des r\u00e9sultats concrets :<\/p>\n<ul>\n<li>\u201c<i>Magali Beraud knows the market extremely well, has a frankness that moves files forward and is always ready to find solutions.\u201d<\/i> &#8211; LEGAL 500 EMEA 2025<\/li>\n<li>\u201c<i>Magali was <\/i><i>really brilliant<\/i><i>. She&rsquo;s built a strong relationship with the clients based on trust.<\/i>\u201d &#8211; Chambers France 2025<\/li>\n<li>\u201c<i>Magali had to step in <\/i><i>an emergency situation<\/i><i> in one of our legal processes. Despite the tight timing, the transition and the execution of the legal process was seamless and best-in-class.<\/i>\u201d &#8211; Chambers France 2025<\/li>\n<li>\u201c<i>I am very satisfied with Magali&rsquo;s advice on complex LBO financing.<\/i>\u201d &#8211; Chambers <i>France 2025<\/i><\/li>\n<li><i>Magali B\u00e9raud is pragmatic and very ethical. She is very smart and experienced. She finds solutions and I trust her.\u00a0\u00bb &#8211; Chambers France 2026<\/i><\/li>\n<li><i>\u00ab\u00a0<\/i><i>Magali B\u00e9raud is sharp and has very good interpersonal skills.<\/i><i>.\u00a0\u00bb &#8211; Chambers France 2026<\/i><\/li>\n<li><i>Magali B\u00e9raud is a very good lawyer who leads client discussions in a clear and assertive manner.\u00a0<\/i><i> &#8211; Chambers France 2026<\/i><\/li>\n<\/ul>\n<ul class=\"ul1\"><\/ul>\n<p>[\/et_pb_text][\/et_pb_column][\/et_pb_row][\/et_pb_section][et_pb_section fb_built=\u00a0\u00bb1&Prime; admin_label=\u00a0\u00bbHeader\u00a0\u00bb module_id=\u00a0\u00bbContact\u00a0\u00bb _builder_version=\u00a0\u00bb4.27.4&Prime; _module_preset=\u00a0\u00bbdefault\u00a0\u00bb background_color=\u00a0\u00bb#006962&Prime; custom_padding=\u00a0\u00bb0px||0px||true|false\u00a0\u00bb locked=\u00a0\u00bboff\u00a0\u00bb global_colors_info=\u00a0\u00bb{}\u00a0\u00bb][et_pb_row column_structure=\u00a0\u00bb3_5,2_5&Prime; _builder_version=\u00a0\u00bb4.27.4&Prime; _module_preset=\u00a0\u00bbdefault\u00a0\u00bb custom_padding=\u00a0\u00bb81px||82px|||\u00a0\u00bb global_colors_info=\u00a0\u00bb{}\u00a0\u00bb][et_pb_column type=\u00a0\u00bb3_5&Prime; _builder_version=\u00a0\u00bb4.27.4&Prime; _module_preset=\u00a0\u00bbdefault\u00a0\u00bb global_colors_info=\u00a0\u00bb{}\u00a0\u00bb][et_pb_image src=\u00a0\u00bbhttps:\/\/www.nabarro-beraud.com\/wp-content\/uploads\/2024\/12\/logo.png\u00a0\u00bb title_text=\u00a0\u00bblogo\u00a0\u00bb _builder_version=\u00a0\u00bb4.27.4&Prime; _module_preset=\u00a0\u00bbdefault\u00a0\u00bb width=\u00a0\u00bb22%\u00a0\u00bb global_colors_info=\u00a0\u00bb{}\u00a0\u00bb][\/et_pb_image][et_pb_text _builder_version=\u00a0\u00bb4.27.4&Prime; _module_preset=\u00a0\u00bbb53a70bb-9f62-4ee5-b34f-c7a321ddbf6c\u00a0\u00bb text_font=\u00a0\u00bbPoppins|100|||||||\u00a0\u00bb text_text_color=\u00a0\u00bb#F1EEDD\u00a0\u00bb text_font_size=\u00a0\u00bb16px\u00a0\u00bb header_font=\u00a0\u00bb&#8211;et_global_body_font|100|||||||\u00a0\u00bb header_text_color=\u00a0\u00bb#F1EEDD\u00a0\u00bb header_font_size=\u00a0\u00bb68px\u00a0\u00bb header_2_text_color=\u00a0\u00bb#FFFFFF\u00a0\u00bb custom_margin=\u00a0\u00bb||10px||false|false\u00a0\u00bb custom_margin_phone=\u00a0\u00bb||10px||false|false\u00a0\u00bb custom_margin_last_edited=\u00a0\u00bboff|phone\u00a0\u00bb header_font_size_tablet=\u00a0\u00bb40px\u00a0\u00bb header_font_size_phone=\u00a0\u00bb40px\u00a0\u00bb header_font_size_last_edited=\u00a0\u00bbon|phone\u00a0\u00bb header_line_height_tablet=\u00a0\u00bb1.3em\u00a0\u00bb header_line_height_phone=\u00a0\u00bb1.4em\u00a0\u00bb header_line_height_last_edited=\u00a0\u00bbon|tablet\u00a0\u00bb locked=\u00a0\u00bboff\u00a0\u00bb global_colors_info=\u00a0\u00bb{}\u00a0\u00bb]<\/p>\n<h1>Nous<\/h1>\n<h1>Contacter<\/h1>\n<p>[\/et_pb_text][\/et_pb_column][et_pb_column type=\u00a0\u00bb2_5&Prime; _builder_version=\u00a0\u00bb4.27.4&Prime; _module_preset=\u00a0\u00bbdefault\u00a0\u00bb background_enable_color=\u00a0\u00bboff\u00a0\u00bb global_colors_info=\u00a0\u00bb{}\u00a0\u00bb][et_pb_blurb title=\u00a0\u00bbAdresse\u00a0\u00bb use_icon=\u00a0\u00bbon\u00a0\u00bb font_icon=\u00a0\u00bb&#xe074;||divi||400&Prime; icon_color=\u00a0\u00bb#F1EEDD\u00a0\u00bb icon_placement=\u00a0\u00bbleft\u00a0\u00bb image_icon_width=\u00a0\u00bb24px\u00a0\u00bb _builder_version=\u00a0\u00bb4.27.4&Prime; _module_preset=\u00a0\u00bbdefault\u00a0\u00bb header_font=\u00a0\u00bb&#8211;et_global_body_font||||||||\u00a0\u00bb header_text_color=\u00a0\u00bb#F1EEDD\u00a0\u00bb header_font_size=\u00a0\u00bb19px\u00a0\u00bb body_font=\u00a0\u00bb&#8211;et_global_body_font||||||||\u00a0\u00bb body_text_color=\u00a0\u00bb#FFFFFF\u00a0\u00bb custom_margin=\u00a0\u00bb||-5px|||\u00a0\u00bb custom_padding=\u00a0\u00bb20px||0px|||\u00a0\u00bb border_color_all_image=\u00a0\u00bb#F1EEDD\u00a0\u00bb global_colors_info=\u00a0\u00bb{}\u00a0\u00bb]<\/p>\n<div class=\"adresse\">\n<p>21 rue d\u2019Artois, 75008 Paris<\/p>\n<p>&nbsp;<\/p>\n<\/div>\n<p>[\/et_pb_blurb][et_pb_blurb title=\u00a0\u00bbEmail\u00a0\u00bb use_icon=\u00a0\u00bbon\u00a0\u00bb font_icon=\u00a0\u00bb&#xe076;||divi||400&Prime; icon_color=\u00a0\u00bb#F1EEDD\u00a0\u00bb icon_placement=\u00a0\u00bbleft\u00a0\u00bb image_icon_width=\u00a0\u00bb24px\u00a0\u00bb _builder_version=\u00a0\u00bb4.27.4&Prime; _module_preset=\u00a0\u00bbdefault\u00a0\u00bb header_font=\u00a0\u00bb&#8211;et_global_body_font||||||||\u00a0\u00bb header_text_color=\u00a0\u00bb#F1EEDD\u00a0\u00bb header_font_size=\u00a0\u00bb19px\u00a0\u00bb body_font=\u00a0\u00bb&#8211;et_global_body_font||||||||\u00a0\u00bb body_text_color=\u00a0\u00bb#FFFFFF\u00a0\u00bb custom_margin=\u00a0\u00bb||18px|||\u00a0\u00bb custom_padding=\u00a0\u00bb5px||0px|||\u00a0\u00bb border_color_all_image=\u00a0\u00bb#F1EEDD\u00a0\u00bb global_colors_info=\u00a0\u00bb{}\u00a0\u00bb]<\/p>\n<div class=\"adresse\">\n<p><span style=\"font-size: 14px;\"><\/span><span style=\"color: #ffffff;\">C<a href=\"mailto:contact@nabarro-beraud.com\" style=\"font-size: 14px; color: #ffffff;\">ontact@nabarro-beraud.com<\/a><\/span><\/p>\n<\/div>\n<p>[\/et_pb_blurb][et_pb_blurb title=\u00a0\u00bbLinkedin\u00a0\u00bb url_new_window=\u00a0\u00bbon\u00a0\u00bb use_icon=\u00a0\u00bbon\u00a0\u00bb font_icon=\u00a0\u00bb&#xf0e1;||fa||400&Prime; icon_color=\u00a0\u00bb#F1EEDD\u00a0\u00bb icon_placement=\u00a0\u00bbleft\u00a0\u00bb image_icon_width=\u00a0\u00bb24px\u00a0\u00bb _builder_version=\u00a0\u00bb4.27.4&Prime; _module_preset=\u00a0\u00bbdefault\u00a0\u00bb header_font=\u00a0\u00bb&#8211;et_global_body_font||||||||\u00a0\u00bb header_text_color=\u00a0\u00bb#F1EEDD\u00a0\u00bb header_font_size=\u00a0\u00bb19px\u00a0\u00bb body_font=\u00a0\u00bb&#8211;et_global_body_font||||||||\u00a0\u00bb body_text_color=\u00a0\u00bb#FFFFFF\u00a0\u00bb custom_margin=\u00a0\u00bb||-5px|||\u00a0\u00bb custom_padding=\u00a0\u00bb5px||0px|||\u00a0\u00bb link_option_url=\u00a0\u00bbhttps:\/\/www.linkedin.com\/company\/nabarro-b\u00e9raud-avocats\/\u00a0\u00bb link_option_url_new_window=\u00a0\u00bbon\u00a0\u00bb border_color_all_image=\u00a0\u00bb#F1EEDD\u00a0\u00bb global_colors_info=\u00a0\u00bb{}\u00a0\u00bb]<\/p>\n<div class=\"adresse\">\n<p><span style=\"font-size: 14px;\"><\/span><\/p>\n<\/div>\n<p>[\/et_pb_blurb][\/et_pb_column][\/et_pb_row][\/et_pb_section]<\/p>\n","protected":false},"excerpt":{"rendered":"<p>Magali B\u00e9raud Associ\u00e9e\u00a0 \u00a0\u00a0 Avocate \u00e0 la Cour depuis 2009, Magali est une r\u00e9f\u00e9rence reconnue en droit bancaire et financier. Forte d&rsquo;une exp\u00e9rience riche et diversifi\u00e9e, elle accompagne avec succ\u00e8s emprunteurs, banques, sponsors et fonds de dette dans les op\u00e9rations les plus complexes. Langues : Fran\u00e7ais Anglais Avocat \u00e0 la Cour depuis plus de 15 [&hellip;]<\/p>\n","protected":false},"author":1,"featured_media":0,"parent":0,"menu_order":0,"comment_status":"closed","ping_status":"closed","template":"","meta":{"_et_pb_use_builder":"on","_et_pb_old_content":"","_et_gb_content_width":"","footnotes":""},"class_list":["post-67","page","type-page","status-publish","hentry"],"_links":{"self":[{"href":"https:\/\/www.nabarro-beraud.com\/index.php?rest_route=\/wp\/v2\/pages\/67","targetHints":{"allow":["GET"]}}],"collection":[{"href":"https:\/\/www.nabarro-beraud.com\/index.php?rest_route=\/wp\/v2\/pages"}],"about":[{"href":"https:\/\/www.nabarro-beraud.com\/index.php?rest_route=\/wp\/v2\/types\/page"}],"author":[{"embeddable":true,"href":"https:\/\/www.nabarro-beraud.com\/index.php?rest_route=\/wp\/v2\/users\/1"}],"replies":[{"embeddable":true,"href":"https:\/\/www.nabarro-beraud.com\/index.php?rest_route=%2Fwp%2Fv2%2Fcomments&post=67"}],"version-history":[{"count":28,"href":"https:\/\/www.nabarro-beraud.com\/index.php?rest_route=\/wp\/v2\/pages\/67\/revisions"}],"predecessor-version":[{"id":935,"href":"https:\/\/www.nabarro-beraud.com\/index.php?rest_route=\/wp\/v2\/pages\/67\/revisions\/935"}],"wp:attachment":[{"href":"https:\/\/www.nabarro-beraud.com\/index.php?rest_route=%2Fwp%2Fv2%2Fmedia&parent=67"}],"curies":[{"name":"wp","href":"https:\/\/api.w.org\/{rel}","templated":true}]}}