{"id":299,"date":"2024-12-30T10:53:35","date_gmt":"2024-12-30T09:53:35","guid":{"rendered":"https:\/\/www.nabarro-beraud.com\/?page_id=299"},"modified":"2026-04-09T15:36:38","modified_gmt":"2026-04-09T13:36:38","slug":"anthony-minziere-2","status":"publish","type":"page","link":"https:\/\/www.nabarro-beraud.com\/?page_id=299","title":{"rendered":"Anthony  Minzie\u0300re"},"content":{"rendered":"<p>[et_pb_section fb_built=\u00a0\u00bb1&Prime; admin_label=\u00a0\u00bbHeader\u00a0\u00bb _builder_version=\u00a0\u00bb4.27.4&Prime; _module_preset=\u00a0\u00bbdefault\u00a0\u00bb background_color=\u00a0\u00bb#006962&Prime; background_image=\u00a0\u00bbhttps:\/\/www.nabarro-beraud.com\/wp-content\/uploads\/2024\/12\/Une-boutique-entierement-dediee-au-financement-des-entreprises-1-scaled.jpg\u00a0\u00bb border_radii=\u00a0\u00bboff||||\u00a0\u00bb collapsed=\u00a0\u00bbon\u00a0\u00bb global_colors_info=\u00a0\u00bb{%22gcid-f6d37c03-5d24-466a-817a-5f8f247bddac%22:%91%22background_color%22%93}\u00a0\u00bb][et_pb_row column_structure=\u00a0\u00bb3_5,2_5&Prime; _builder_version=\u00a0\u00bb4.27.4&Prime; _module_preset=\u00a0\u00bbdefault\u00a0\u00bb custom_margin=\u00a0\u00bb-40px|auto||auto||\u00a0\u00bb global_colors_info=\u00a0\u00bb{}\u00a0\u00bb][et_pb_column type=\u00a0\u00bb3_5&Prime; _builder_version=\u00a0\u00bb4.27.4&Prime; _module_preset=\u00a0\u00bbdefault\u00a0\u00bb global_colors_info=\u00a0\u00bb{}\u00a0\u00bb][et_pb_image src=\u00a0\u00bbhttps:\/\/www.nabarro-beraud.com\/wp-content\/uploads\/2024\/12\/16.png\u00a0\u00bb alt=\u00a0\u00bbAnthony Minzie\u0300re\u00a0\u00bb title_text=\u00a0\u00bbAnthony Minzie\u0300re\u00a0\u00bb align=\u00a0\u00bbcenter\u00a0\u00bb disabled_on=\u00a0\u00bboff|on|on\u00a0\u00bb _builder_version=\u00a0\u00bb4.27.4&Prime; _module_preset=\u00a0\u00bbdefault\u00a0\u00bb width=\u00a0\u00bb81%\u00a0\u00bb max_width=\u00a0\u00bb80%\u00a0\u00bb global_colors_info=\u00a0\u00bb{}\u00a0\u00bb][\/et_pb_image][et_pb_text _builder_version=\u00a0\u00bb4.27.4&Prime; _module_preset=\u00a0\u00bbdefault\u00a0\u00bb text_font=\u00a0\u00bb&#8211;et_global_body_font|100|||||||\u00a0\u00bb text_text_color=\u00a0\u00bb#FFFFFF\u00a0\u00bb text_font_size=\u00a0\u00bb65px\u00a0\u00bb text_line_height=\u00a0\u00bb0em\u00a0\u00bb header_line_height=\u00a0\u00bb0.7em\u00a0\u00bb custom_margin=\u00a0\u00bb91px|||||\u00a0\u00bb text_text_color_tablet=\u00a0\u00bb#FFFFFF\u00a0\u00bb text_text_color_phone=\u00a0\u00bb#FFFFFF\u00a0\u00bb text_text_color_last_edited=\u00a0\u00bbon|phone\u00a0\u00bb text_font_size_tablet=\u00a0\u00bb65px\u00a0\u00bb text_font_size_phone=\u00a0\u00bb40px\u00a0\u00bb text_font_size_last_edited=\u00a0\u00bbon|phone\u00a0\u00bb global_colors_info=\u00a0\u00bb{}\u00a0\u00bb]<\/p>\n<p class=\"p1\">Anthony<\/p>\n<p class=\"p1\">Minzie\u0300re<\/p>\n<p>[\/et_pb_text][et_pb_text _builder_version=\u00a0\u00bb4.27.4&Prime; _module_preset=\u00a0\u00bbcca424e9-1068-4f3a-8726-996720a24ddd\u00a0\u00bb text_font=\u00a0\u00bb&#8211;et_global_body_font|300|||||||\u00a0\u00bb header_6_text_color=\u00a0\u00bb#FFFFFF\u00a0\u00bb custom_margin=\u00a0\u00bb||10px||false|false\u00a0\u00bb global_colors_info=\u00a0\u00bb{}\u00a0\u00bb]<\/p>\n<h6><\/h6>\n<h6>Associ\u00e9<\/h6>\n<p>[\/et_pb_text][et_pb_text _builder_version=\u00a0\u00bb4.27.4&Prime; _module_preset=\u00a0\u00bbdefault\u00a0\u00bb custom_margin=\u00a0\u00bb||14px|||\u00a0\u00bb global_colors_info=\u00a0\u00bb{}\u00a0\u00bb]<\/p>\n<p><a href=\"https:\/\/www.linkedin.com\/in\/anthony-minziere-0b42b479\/\" target=\"_blank\" rel=\"noopener\"><img loading=\"lazy\" decoding=\"async\" src=\"https:\/\/www.nabarro-beraud.com\/wp-content\/uploads\/2024\/12\/3-1-300x300.png\" width=\"30\" height=\"30\" alt=\"\" class=\"wp-image-176 alignnone size-medium\" \/><\/a>\u00a0 \u00a0\u00a0 <a href=\"mailto:Anthony.minziere@nabarro-beraud.com\"><img loading=\"lazy\" decoding=\"async\" src=\"https:\/\/www.nabarro-beraud.com\/wp-content\/uploads\/2024\/12\/4-1-300x300.png\" width=\"30\" height=\"30\" alt=\"\" class=\"wp-image-177 alignnone size-medium\" \/><\/a><\/p>\n<p>[\/et_pb_text][et_pb_text _builder_version=\u00a0\u00bb4.27.4&Prime; _module_preset=\u00a0\u00bbcca424e9-1068-4f3a-8726-996720a24ddd\u00a0\u00bb text_font=\u00a0\u00bb&#8211;et_global_body_font||||||||\u00a0\u00bb text_text_color=\u00a0\u00bb#FFFFFF\u00a0\u00bb header_6_text_color=\u00a0\u00bb#FFFFFF\u00a0\u00bb custom_margin=\u00a0\u00bb-11px|||||\u00a0\u00bb global_colors_info=\u00a0\u00bb{}\u00a0\u00bb]<\/p>\n<h6><\/h6>\n<p class=\"p1\"><b>Avocat \u00e0 la Cour<\/b>, Anthony est rapidement devenu une figure montante du droit financier depuis le d\u00e9but de sa carri\u00e8re en 2016 chez <b>Nabarro &amp; Hinge<\/b>, avant de rejoindre <b>Nabarro B\u00e9raud Avocats<\/b> d\u00e8s sa cr\u00e9ation en 2020. Son ascension rapide au sein du cabinet, avec une promotion au rang de <b>counsel<\/b> en 2022, puis d&rsquo;<b>associ\u00e9<\/b> en 2024, t\u00e9moigne de son talent et de sa ma\u00eetrise des financements complexes.<\/p>\n<p><strong>Langues :<\/strong><\/p>\n<ul>\n<li>Fran\u00e7ais<\/li>\n<li>Anglais<\/li>\n<\/ul>\n<p>[\/et_pb_text][\/et_pb_column][et_pb_column type=\u00a0\u00bb2_5&Prime; _builder_version=\u00a0\u00bb4.27.4&Prime; _module_preset=\u00a0\u00bbdefault\u00a0\u00bb global_colors_info=\u00a0\u00bb{}\u00a0\u00bb][et_pb_image src=\u00a0\u00bbhttps:\/\/www.nabarro-beraud.com\/wp-content\/uploads\/2024\/12\/16.png\u00a0\u00bb alt=\u00a0\u00bbAnthony Minzie\u0300re\u00a0\u00bb title_text=\u00a0\u00bbAnthony Minzie\u0300re\u00a0\u00bb disabled_on=\u00a0\u00bbon|off|off\u00a0\u00bb _builder_version=\u00a0\u00bb4.27.4&Prime; _module_preset=\u00a0\u00bbdefault\u00a0\u00bb global_colors_info=\u00a0\u00bb{}\u00a0\u00bb][\/et_pb_image][\/et_pb_column][\/et_pb_row][\/et_pb_section][et_pb_section fb_built=\u00a0\u00bb1&Prime; admin_label=\u00a0\u00bbAbout\u00a0\u00bb _builder_version=\u00a0\u00bb4.24.2&Prime; _module_preset=\u00a0\u00bbdefault\u00a0\u00bb custom_padding=\u00a0\u00bb||4px|||\u00a0\u00bb collapsed=\u00a0\u00bbon\u00a0\u00bb global_colors_info=\u00a0\u00bb{}\u00a0\u00bb][et_pb_row column_structure=\u00a0\u00bb1_2,1_2&Prime; _builder_version=\u00a0\u00bb4.27.4&Prime; _module_preset=\u00a0\u00bbdefault\u00a0\u00bb custom_padding=\u00a0\u00bb||38px|||\u00a0\u00bb global_colors_info=\u00a0\u00bb{}\u00a0\u00bb][et_pb_column type=\u00a0\u00bb1_2&Prime; _builder_version=\u00a0\u00bb4.27.4&Prime; _module_preset=\u00a0\u00bbdefault\u00a0\u00bb global_colors_info=\u00a0\u00bb{}\u00a0\u00bb][et_pb_text _builder_version=\u00a0\u00bb4.27.4&Prime; _module_preset=\u00a0\u00bbdefault\u00a0\u00bb text_font=\u00a0\u00bb&#8211;et_global_body_font||||||||\u00a0\u00bb text_orientation=\u00a0\u00bbjustified\u00a0\u00bb global_colors_info=\u00a0\u00bb{}\u00a0\u00bb]<\/p>\n<p>Avocat \u00e0 la Cour, Anthony est rapidement devenu une figure montante du droit financier depuis le d\u00e9but de sa carri\u00e8re en 2016 chez Nabarro &amp; Hinge, avant de rejoindre Nabarro B\u00e9raud Avocats d\u00e8s sa cr\u00e9ation en 2020. Son ascension rapide au sein du cabinet, avec une promotion au rang de counsel en 2022, puis d\u2019associ\u00e9 en 2024, t\u00e9moigne de son talent et de sa ma\u00eetrise des financements complexes.<\/p>\n<p>Anthony conseille des fonds de dette, des banques et des emprunteurs dans le cadre de financements d\u2019acquisitions, corporate, d\u2019infrastructures (notamment dans le secteur des \u00e9nergies renouvelables), et de cr\u00e9dits syndiqu\u00e9s. Il a d\u00e9velopp\u00e9 une expertise pointue en tant que conseil de fonds de dette sur des financements unitranche, mezzanine et PIK, ainsi que dans la structuration de financements hybrides ou strat\u00e9giques sous forme de quasi-equity pour le compte d\u2019entreprises ou de fonds. Il accompagne \u00e9galement ses clients dans le cadre de restructurations de dettes et est \u00e0 l\u2019origine du d\u00e9veloppement de la pratique EnR (\u00e9nergies renouvelables) au sein du cabinet.<\/p>\n<p>En plus de ses activit\u00e9s de conseil, Anthony est charg\u00e9 d\u2019enseignement \u00e0 l\u2019Universit\u00e9 Catholique de Lille et de l\u2019Universit\u00e9 Panth\u00e9on-Assas, partageant son expertise avec les g\u00e9n\u00e9rations futures d\u2019avocats.<\/p>\n<p>Anthony est dipl\u00f4m\u00e9 d\u2019un Master I en Droit des affaires (Universit\u00e9 Panth\u00e9on-Assas), d\u2019un Master II en Droit fiscal (Universit\u00e9 Jean Moulin \u2013 Lyon 3) et d\u2019un Master II en Droit financier (Universit\u00e9 Paris XI et ESCP Europe).<\/p>\n<p>[\/et_pb_text][\/et_pb_column][et_pb_column type=\u00a0\u00bb1_2&Prime; _builder_version=\u00a0\u00bb4.27.4&Prime; _module_preset=\u00a0\u00bbdefault\u00a0\u00bb global_colors_info=\u00a0\u00bb{}\u00a0\u00bb][et_pb_text _builder_version=\u00a0\u00bb4.27.4&Prime; _module_preset=\u00a0\u00bbdefault\u00a0\u00bb text_font=\u00a0\u00bbPoppins||||||||\u00a0\u00bb text_orientation=\u00a0\u00bbjustified\u00a0\u00bb global_colors_info=\u00a0\u00bb{}\u00a0\u00bb]<\/p>\n<p>Il est r\u00e9guli\u00e8rement salu\u00e9 par ses pairs et les classements juridiques, dont Legal 500, qui le reconnaissent comme une personnalit\u00e9 de premier plan dans le domaine du financement :<\/p>\n<ul>\n<li><i>\u201cAnthony <\/i><i>Minzi\u00e8re<\/i><i> is exceptional. He delivers documents that are perfect and on time. He knows every point of his documentation. For me he is the best lawyer in LBO financing on the Parisian Market\u201d <\/i>&#8211; LEGAL 500 EMEA 2024 (Banking &amp; Finance)<\/li>\n<li>\u00ab <i>Anthony <\/i><i>Minzi\u00e8re<\/i><i> is fantastic, an excellent lawyer who understands the business points. He is proactive and diligent \u2013 always a pleasure to work with<\/i>. \u00bb &#8211; LEGAL 500 EMEA 2025<\/li>\n<li>\u201c<i>Anthony <\/i><i>Minzi\u00e8re<\/i><i>, a partner who is an extremely competent, technically savvy, available professional who, thanks to his experience and knowledge of practices and the market, is very effective in negotiation<\/i>.\u201d &#8211; LEGAL 500 EMEA 2025<\/li>\n<li>\u201cBEST LAWYER in Banking and Finance Law\u201d &#8211; Best Lawyers 2026<\/li>\n<\/ul>\n<ul class=\"ul1\"><\/ul>\n<p>[\/et_pb_text][\/et_pb_column][\/et_pb_row][\/et_pb_section][et_pb_section fb_built=\u00a0\u00bb1&Prime; admin_label=\u00a0\u00bbHeader\u00a0\u00bb module_id=\u00a0\u00bbContact\u00a0\u00bb _builder_version=\u00a0\u00bb4.27.4&Prime; _module_preset=\u00a0\u00bbdefault\u00a0\u00bb background_color=\u00a0\u00bb#006962&Prime; custom_padding=\u00a0\u00bb0px||0px||true|false\u00a0\u00bb locked=\u00a0\u00bboff\u00a0\u00bb global_colors_info=\u00a0\u00bb{}\u00a0\u00bb][et_pb_row column_structure=\u00a0\u00bb3_5,2_5&Prime; _builder_version=\u00a0\u00bb4.27.4&Prime; _module_preset=\u00a0\u00bbdefault\u00a0\u00bb custom_padding=\u00a0\u00bb81px||82px|||\u00a0\u00bb global_colors_info=\u00a0\u00bb{}\u00a0\u00bb][et_pb_column type=\u00a0\u00bb3_5&Prime; _builder_version=\u00a0\u00bb4.27.4&Prime; _module_preset=\u00a0\u00bbdefault\u00a0\u00bb global_colors_info=\u00a0\u00bb{}\u00a0\u00bb][et_pb_heading title=\u00a0\u00bbNABARRO BERAUD AVOCATS\u00a0\u00bb _builder_version=\u00a0\u00bb4.27.4&Prime; _module_preset=\u00a0\u00bb19310198-e60b-4ff7-b6d0-f4539cc113f7&Prime; title_font=\u00a0\u00bbMontserrat|500||on|||||\u00a0\u00bb title_text_color=\u00a0\u00bb#FFFFFF\u00a0\u00bb global_colors_info=\u00a0\u00bb{}\u00a0\u00bb][\/et_pb_heading][et_pb_text _builder_version=\u00a0\u00bb4.27.4&Prime; _module_preset=\u00a0\u00bbb53a70bb-9f62-4ee5-b34f-c7a321ddbf6c\u00a0\u00bb text_font=\u00a0\u00bbPoppins|100|||||||\u00a0\u00bb text_text_color=\u00a0\u00bb#F1EEDD\u00a0\u00bb text_font_size=\u00a0\u00bb16px\u00a0\u00bb header_font=\u00a0\u00bb&#8211;et_global_body_font|100|||||||\u00a0\u00bb header_text_color=\u00a0\u00bb#F1EEDD\u00a0\u00bb header_font_size=\u00a0\u00bb68px\u00a0\u00bb header_2_text_color=\u00a0\u00bb#FFFFFF\u00a0\u00bb custom_margin=\u00a0\u00bb||10px||false|false\u00a0\u00bb custom_margin_phone=\u00a0\u00bb||10px||false|false\u00a0\u00bb custom_margin_last_edited=\u00a0\u00bboff|phone\u00a0\u00bb header_font_size_tablet=\u00a0\u00bb40px\u00a0\u00bb header_font_size_phone=\u00a0\u00bb24px\u00a0\u00bb header_font_size_last_edited=\u00a0\u00bbon|desktop\u00a0\u00bb header_line_height_tablet=\u00a0\u00bb1.3em\u00a0\u00bb header_line_height_phone=\u00a0\u00bb1.4em\u00a0\u00bb header_line_height_last_edited=\u00a0\u00bbon|tablet\u00a0\u00bb locked=\u00a0\u00bboff\u00a0\u00bb global_colors_info=\u00a0\u00bb{}\u00a0\u00bb]<\/p>\n<h1>Nous<\/h1>\n<h1>Contacter<\/h1>\n<p>[\/et_pb_text][et_pb_text _builder_version=\u00a0\u00bb4.27.4&Prime; _module_preset=\u00a0\u00bb31e3fe0d-2e7d-4384-8004-edb523cff22c\u00a0\u00bb text_font=\u00a0\u00bb&#8211;et_global_body_font||||||||\u00a0\u00bb text_text_color=\u00a0\u00bb#F1EEDD\u00a0\u00bb text_line_height=\u00a0\u00bb1.8em\u00a0\u00bb text_font_size_tablet=\u00a0\u00bb18px\u00a0\u00bb text_font_size_phone=\u00a0\u00bb14px\u00a0\u00bb text_font_size_last_edited=\u00a0\u00bbon|phone\u00a0\u00bb locked=\u00a0\u00bboff\u00a0\u00bb global_colors_info=\u00a0\u00bb{}\u00a0\u00bb]<\/p>\n<p><span>Ce formulaire vous permettra de nous contacter pour toutes informations ou demandes auxquelles nous vous r\u00e9pondrons dans les plus brefs d\u00e9lais.<\/span><\/p>\n<p>[\/et_pb_text][\/et_pb_column][et_pb_column type=\u00a0\u00bb2_5&Prime; _builder_version=\u00a0\u00bb4.27.4&Prime; _module_preset=\u00a0\u00bbdefault\u00a0\u00bb background_enable_color=\u00a0\u00bboff\u00a0\u00bb global_colors_info=\u00a0\u00bb{}\u00a0\u00bb][et_pb_blurb title=\u00a0\u00bbAdresse\u00a0\u00bb use_icon=\u00a0\u00bbon\u00a0\u00bb font_icon=\u00a0\u00bb&#xe074;||divi||400&Prime; icon_color=\u00a0\u00bb#F1EEDD\u00a0\u00bb icon_placement=\u00a0\u00bbleft\u00a0\u00bb image_icon_width=\u00a0\u00bb24px\u00a0\u00bb _builder_version=\u00a0\u00bb4.27.4&Prime; _module_preset=\u00a0\u00bbdefault\u00a0\u00bb header_font=\u00a0\u00bb&#8211;et_global_body_font||||||||\u00a0\u00bb header_text_color=\u00a0\u00bb#F1EEDD\u00a0\u00bb header_font_size=\u00a0\u00bb19px\u00a0\u00bb body_font=\u00a0\u00bb&#8211;et_global_body_font||||||||\u00a0\u00bb body_text_color=\u00a0\u00bb#FFFFFF\u00a0\u00bb custom_margin=\u00a0\u00bb||-5px|||\u00a0\u00bb custom_padding=\u00a0\u00bb54px||0px|||\u00a0\u00bb border_color_all_image=\u00a0\u00bb#F1EEDD\u00a0\u00bb global_colors_info=\u00a0\u00bb{}\u00a0\u00bb]<\/p>\n<div class=\"adresse\">\n<p>21 rue d\u2019Artois, 75008 Paris<\/p>\n<p>&nbsp;<\/p>\n<\/div>\n<p>[\/et_pb_blurb][et_pb_blurb title=\u00a0\u00bbEmail\u00a0\u00bb use_icon=\u00a0\u00bbon\u00a0\u00bb font_icon=\u00a0\u00bb&#xe076;||divi||400&Prime; icon_color=\u00a0\u00bb#F1EEDD\u00a0\u00bb icon_placement=\u00a0\u00bbleft\u00a0\u00bb image_icon_width=\u00a0\u00bb24px\u00a0\u00bb _builder_version=\u00a0\u00bb4.27.4&Prime; _module_preset=\u00a0\u00bbdefault\u00a0\u00bb header_font=\u00a0\u00bb&#8211;et_global_body_font||||||||\u00a0\u00bb header_text_color=\u00a0\u00bb#F1EEDD\u00a0\u00bb header_font_size=\u00a0\u00bb19px\u00a0\u00bb body_font=\u00a0\u00bb&#8211;et_global_body_font||||||||\u00a0\u00bb body_text_color=\u00a0\u00bb#FFFFFF\u00a0\u00bb custom_margin=\u00a0\u00bb||-5px|||\u00a0\u00bb custom_padding=\u00a0\u00bb5px||0px|||\u00a0\u00bb border_color_all_image=\u00a0\u00bb#F1EEDD\u00a0\u00bb global_colors_info=\u00a0\u00bb{}\u00a0\u00bb]<\/p>\n<div class=\"adresse\">\n<p><span style=\"font-size: 14px;\"><\/span><span style=\"color: #ffffff;\">C<a href=\"mailto:contact@nabarro-beraud.com\" style=\"font-size: 14px; color: #ffffff;\">ontact@nabarro-beraud.com<\/a><\/span><\/p>\n<\/div>\n<p>[\/et_pb_blurb][et_pb_blurb title=\u00a0\u00bbLinkedin\u00a0\u00bb url=\u00a0\u00bbhttp:\/\/Linkedin\u00a0\u00bb use_icon=\u00a0\u00bbon\u00a0\u00bb font_icon=\u00a0\u00bb&#xe09d;||divi||400&Prime; icon_color=\u00a0\u00bb#F1EEDD\u00a0\u00bb icon_placement=\u00a0\u00bbleft\u00a0\u00bb image_icon_width=\u00a0\u00bb24px\u00a0\u00bb _builder_version=\u00a0\u00bb4.27.4&Prime; _module_preset=\u00a0\u00bbdefault\u00a0\u00bb header_font=\u00a0\u00bb&#8211;et_global_body_font||||||||\u00a0\u00bb header_text_color=\u00a0\u00bb#F1EEDD\u00a0\u00bb header_font_size=\u00a0\u00bb19px\u00a0\u00bb body_font=\u00a0\u00bb&#8211;et_global_body_font||||||||\u00a0\u00bb body_text_color=\u00a0\u00bb#FFFFFF\u00a0\u00bb custom_margin=\u00a0\u00bb||-5px|||\u00a0\u00bb custom_padding=\u00a0\u00bb27px||0px|||\u00a0\u00bb link_option_url=\u00a0\u00bbhttps:\/\/www.linkedin.com\/company\/nabarro-b%C3%A9raud-avocats\/posts\/?feedView=all\u00a0\u00bb border_color_all_image=\u00a0\u00bb#F1EEDD\u00a0\u00bb global_colors_info=\u00a0\u00bb{}\u00a0\u00bb][\/et_pb_blurb][\/et_pb_column][\/et_pb_row][\/et_pb_section]<\/p>\n","protected":false},"excerpt":{"rendered":"<p>Anthony Minzie\u0300re Associ\u00e9\u00a0 \u00a0\u00a0 Avocat \u00e0 la Cour, Anthony est rapidement devenu une figure montante du droit financier depuis le d\u00e9but de sa carri\u00e8re en 2016 chez Nabarro &amp; Hinge, avant de rejoindre Nabarro B\u00e9raud Avocats d\u00e8s sa cr\u00e9ation en 2020. Son ascension rapide au sein du cabinet, avec une promotion au rang de counsel [&hellip;]<\/p>\n","protected":false},"author":1,"featured_media":0,"parent":0,"menu_order":0,"comment_status":"closed","ping_status":"closed","template":"","meta":{"_et_pb_use_builder":"on","_et_pb_old_content":"","_et_gb_content_width":"","footnotes":""},"class_list":["post-299","page","type-page","status-publish","hentry"],"_links":{"self":[{"href":"https:\/\/www.nabarro-beraud.com\/index.php?rest_route=\/wp\/v2\/pages\/299","targetHints":{"allow":["GET"]}}],"collection":[{"href":"https:\/\/www.nabarro-beraud.com\/index.php?rest_route=\/wp\/v2\/pages"}],"about":[{"href":"https:\/\/www.nabarro-beraud.com\/index.php?rest_route=\/wp\/v2\/types\/page"}],"author":[{"embeddable":true,"href":"https:\/\/www.nabarro-beraud.com\/index.php?rest_route=\/wp\/v2\/users\/1"}],"replies":[{"embeddable":true,"href":"https:\/\/www.nabarro-beraud.com\/index.php?rest_route=%2Fwp%2Fv2%2Fcomments&post=299"}],"version-history":[{"count":10,"href":"https:\/\/www.nabarro-beraud.com\/index.php?rest_route=\/wp\/v2\/pages\/299\/revisions"}],"predecessor-version":[{"id":936,"href":"https:\/\/www.nabarro-beraud.com\/index.php?rest_route=\/wp\/v2\/pages\/299\/revisions\/936"}],"wp:attachment":[{"href":"https:\/\/www.nabarro-beraud.com\/index.php?rest_route=%2Fwp%2Fv2%2Fmedia&parent=299"}],"curies":[{"name":"wp","href":"https:\/\/api.w.org\/{rel}","templated":true}]}}