{"id":283,"date":"2024-12-30T10:49:17","date_gmt":"2024-12-30T09:49:17","guid":{"rendered":"https:\/\/www.nabarro-beraud.com\/?page_id=283"},"modified":"2026-04-09T15:33:48","modified_gmt":"2026-04-09T13:33:48","slug":"jonathan-nabarro-3","status":"publish","type":"page","link":"https:\/\/www.nabarro-beraud.com\/?page_id=283","title":{"rendered":"Jonathan Nabarro"},"content":{"rendered":"<p>[et_pb_section fb_built=\u00a0\u00bb1&Prime; admin_label=\u00a0\u00bbHeader\u00a0\u00bb _builder_version=\u00a0\u00bb4.27.4&Prime; _module_preset=\u00a0\u00bbdefault\u00a0\u00bb background_color=\u00a0\u00bb#006962&Prime; background_image=\u00a0\u00bbhttps:\/\/www.nabarro-beraud.com\/wp-content\/uploads\/2024\/12\/Une-boutique-entierement-dediee-au-financement-des-entreprises-1-scaled.jpg\u00a0\u00bb border_radii=\u00a0\u00bboff||||\u00a0\u00bb collapsed=\u00a0\u00bbon\u00a0\u00bb global_colors_info=\u00a0\u00bb{%22gcid-f6d37c03-5d24-466a-817a-5f8f247bddac%22:%91%22background_color%22%93}\u00a0\u00bb][et_pb_row column_structure=\u00a0\u00bb3_5,2_5&Prime; _builder_version=\u00a0\u00bb4.27.4&Prime; _module_preset=\u00a0\u00bbdefault\u00a0\u00bb custom_margin=\u00a0\u00bb-40px|auto||auto||\u00a0\u00bb global_colors_info=\u00a0\u00bb{}\u00a0\u00bb][et_pb_column type=\u00a0\u00bb3_5&Prime; _builder_version=\u00a0\u00bb4.27.4&Prime; _module_preset=\u00a0\u00bbdefault\u00a0\u00bb global_colors_info=\u00a0\u00bb{}\u00a0\u00bb][et_pb_image src=\u00a0\u00bbhttps:\/\/www.nabarro-beraud.com\/wp-content\/uploads\/2024\/12\/10.png\u00a0\u00bb title_text=\u00a0\u00bbJonathan Nabarro\u00a0\u00bb align=\u00a0\u00bbcenter\u00a0\u00bb disabled_on=\u00a0\u00bboff|on|on\u00a0\u00bb _builder_version=\u00a0\u00bb4.27.4&Prime; _module_preset=\u00a0\u00bbdefault\u00a0\u00bb width=\u00a0\u00bb83%\u00a0\u00bb max_width=\u00a0\u00bb83%\u00a0\u00bb global_colors_info=\u00a0\u00bb{}\u00a0\u00bb][\/et_pb_image][et_pb_text content_tablet=\u00a0\u00bb<\/p>\n<p class=%22p1%22>Jonathan<\/p>\n<p class=%22p1%22>Nabarro<\/p>\n<p>\u00a0\u00bb content_phone=\u00a0\u00bb<\/p>\n<p class=%22p1%22>Jonathan<\/p>\n<p class=%22p1%22>Nabarro<\/p>\n<p>\u00a0\u00bb content_last_edited=\u00a0\u00bbon|phone\u00a0\u00bb _builder_version=\u00a0\u00bb4.27.4&Prime; _module_preset=\u00a0\u00bbdefault\u00a0\u00bb text_font=\u00a0\u00bb&#8211;et_global_body_font|100|||||||\u00a0\u00bb text_text_color=\u00a0\u00bb#FFFFFF\u00a0\u00bb text_font_size=\u00a0\u00bb66px\u00a0\u00bb text_line_height=\u00a0\u00bb0em\u00a0\u00bb header_line_height=\u00a0\u00bb0.7em\u00a0\u00bb custom_margin=\u00a0\u00bb91px|||||\u00a0\u00bb text_font_size_tablet=\u00a0\u00bb66px\u00a0\u00bb text_font_size_phone=\u00a0\u00bb40px\u00a0\u00bb text_font_size_last_edited=\u00a0\u00bbon|phone\u00a0\u00bb global_colors_info=\u00a0\u00bb{}\u00a0\u00bb]<\/p>\n<p class=\"p1\">Jonathan<\/p>\n<p class=\"p1\">Nabarro<\/p>\n<p>[\/et_pb_text][et_pb_text _builder_version=\u00a0\u00bb4.27.4&Prime; _module_preset=\u00a0\u00bbcca424e9-1068-4f3a-8726-996720a24ddd\u00a0\u00bb text_font=\u00a0\u00bb&#8211;et_global_body_font|300|||||||\u00a0\u00bb header_6_text_color=\u00a0\u00bb#FFFFFF\u00a0\u00bb custom_margin=\u00a0\u00bb||10px||false|false\u00a0\u00bb global_colors_info=\u00a0\u00bb{}\u00a0\u00bb]<\/p>\n<h6><\/h6>\n<h6>Associ\u00e9<\/h6>\n<p>[\/et_pb_text][et_pb_text _builder_version=\u00a0\u00bb4.27.4&Prime; _module_preset=\u00a0\u00bbdefault\u00a0\u00bb custom_margin=\u00a0\u00bb||14px|||\u00a0\u00bb global_colors_info=\u00a0\u00bb{}\u00a0\u00bb]<\/p>\n<p><a href=\"https:\/\/www.linkedin.com\/in\/jonathan-nabarro-80b1882b\/?originalSubdomain=fr\" target=\"_blank\" rel=\"noopener\"><img loading=\"lazy\" decoding=\"async\" src=\"https:\/\/www.nabarro-beraud.com\/wp-content\/uploads\/2024\/12\/3-1-300x300.png\" width=\"30\" height=\"30\" alt=\"\" class=\"wp-image-176 alignnone size-medium\" \/><\/a>\u00a0 \u00a0\u00a0 <a href=\"mailto:Jonathan.nabarro@nabarro-beraud.com\"><img loading=\"lazy\" decoding=\"async\" src=\"https:\/\/www.nabarro-beraud.com\/wp-content\/uploads\/2024\/12\/4-1-300x300.png\" width=\"30\" height=\"30\" alt=\"\" class=\"wp-image-177 alignnone size-medium\" \/><\/a><\/p>\n<p>[\/et_pb_text][et_pb_text _builder_version=\u00a0\u00bb4.27.4&Prime; _module_preset=\u00a0\u00bbcca424e9-1068-4f3a-8726-996720a24ddd\u00a0\u00bb text_font=\u00a0\u00bb&#8211;et_global_body_font||||||||\u00a0\u00bb text_text_color=\u00a0\u00bb#FFFFFF\u00a0\u00bb header_6_text_color=\u00a0\u00bb#FFFFFF\u00a0\u00bb custom_margin=\u00a0\u00bb-11px|||||\u00a0\u00bb global_colors_info=\u00a0\u00bb{}\u00a0\u00bb]<\/p>\n<h6><\/h6>\n<p class=\"p1\"><b>Avocat \u00e0 la Cour depuis 1988<\/b>, Jonathan est une figure incontournable dans le domaine du droit bancaire et financier en France. Tout au long de sa carri\u00e8re, il a occup\u00e9 des postes de premier plan, en tant qu&rsquo;associ\u00e9 responsable du d\u00e9partement banque\/finance ou de l\u2019\u00e9quipe financement d\u2019acquisition dans plusieurs grands cabinets internationaux, tels que <b>Ashurst<\/b>, <b>Allen &amp; Overy<\/b> et <b>Weil Gotshal &amp; Manges<\/b>.<\/p>\n<p><strong>Langues :<\/strong><\/p>\n<ul>\n<li>Fran\u00e7ais<\/li>\n<li>Anglais<\/li>\n<\/ul>\n<p>[\/et_pb_text][\/et_pb_column][et_pb_column type=\u00a0\u00bb2_5&Prime; _builder_version=\u00a0\u00bb4.27.4&Prime; _module_preset=\u00a0\u00bbdefault\u00a0\u00bb global_colors_info=\u00a0\u00bb{}\u00a0\u00bb][et_pb_image src=\u00a0\u00bbhttps:\/\/www.nabarro-beraud.com\/wp-content\/uploads\/2024\/12\/10.png\u00a0\u00bb title_text=\u00a0\u00bbJonathan Nabarro\u00a0\u00bb disabled_on=\u00a0\u00bbon|off|off\u00a0\u00bb _builder_version=\u00a0\u00bb4.27.4&Prime; _module_preset=\u00a0\u00bbdefault\u00a0\u00bb global_colors_info=\u00a0\u00bb{}\u00a0\u00bb][\/et_pb_image][\/et_pb_column][\/et_pb_row][\/et_pb_section][et_pb_section fb_built=\u00a0\u00bb1&Prime; admin_label=\u00a0\u00bbAbout\u00a0\u00bb _builder_version=\u00a0\u00bb4.24.2&Prime; _module_preset=\u00a0\u00bbdefault\u00a0\u00bb custom_padding=\u00a0\u00bb||4px|||\u00a0\u00bb collapsed=\u00a0\u00bbon\u00a0\u00bb global_colors_info=\u00a0\u00bb{}\u00a0\u00bb][et_pb_row column_structure=\u00a0\u00bb1_2,1_2&Prime; _builder_version=\u00a0\u00bb4.27.4&Prime; _module_preset=\u00a0\u00bbdefault\u00a0\u00bb custom_padding=\u00a0\u00bb||38px|||\u00a0\u00bb global_colors_info=\u00a0\u00bb{}\u00a0\u00bb][et_pb_column type=\u00a0\u00bb1_2&Prime; _builder_version=\u00a0\u00bb4.27.4&Prime; _module_preset=\u00a0\u00bbdefault\u00a0\u00bb global_colors_info=\u00a0\u00bb{}\u00a0\u00bb][et_pb_text _builder_version=\u00a0\u00bb4.27.4&Prime; _module_preset=\u00a0\u00bbdefault\u00a0\u00bb text_font=\u00a0\u00bb&#8211;et_global_body_font||||||||\u00a0\u00bb text_orientation=\u00a0\u00bbjustified\u00a0\u00bb global_colors_info=\u00a0\u00bb{}\u00a0\u00bb]<\/p>\n<p>Avocat \u00e0 la Cour depuis 1988, Jonathan est une figure incontournable dans le domaine du droit bancaire et financier en France. Tout au long de sa carri\u00e8re, il a occup\u00e9 des postes de premier plan, en tant qu\u2019associ\u00e9 responsable du d\u00e9partement banque\/finance ou de l\u2019\u00e9quipe financement d\u2019acquisition dans plusieurs grands cabinets internationaux, tels que Ashurst, Allen &amp; Overy et Weil Gotshal &amp; Manges.<\/p>\n<p>En 2008, il fonde Nabarro &amp; Hinge, qui a rapidement gagn\u00e9 en r\u00e9putation. En 2020, il cofonde Nabarro B\u00e9raud Avocats. Sp\u00e9cialis\u00e9 dans les financements complexes depuis ses d\u00e9buts, Jonathan est l\u2019un des pionniers du <i>private equity <\/i>en France. Son expertise couvre un large \u00e9ventail de secteurs, notamment les financements d\u2019acquisitions, de projets et d\u2019actifs, ainsi que les cr\u00e9dits syndiqu\u00e9s. Il se distingue \u00e9galement dans les restructurations de dettes, apportant des solutions innovantes et efficaces \u00e0 ses clients.<\/p>\n<p>Jonathan est dipl\u00f4m\u00e9 d\u2019un DESS en Droit des affaires \u2013 DJCE (Universit\u00e9 de Montpellier) et d\u2019un PhD obtenu au prestigieux Gonville &amp; Caius College de l\u2019Universit\u00e9 de Cambridge. Il est \u00e9galement Solicitor of the Supreme Court (England &amp; Wales), t\u00e9moignant de sa comp\u00e9tence internationale.<\/p>\n<p>[\/et_pb_text][\/et_pb_column][et_pb_column type=\u00a0\u00bb1_2&Prime; _builder_version=\u00a0\u00bb4.27.4&Prime; _module_preset=\u00a0\u00bbdefault\u00a0\u00bb global_colors_info=\u00a0\u00bb{}\u00a0\u00bb][et_pb_text _builder_version=\u00a0\u00bb4.27.4&Prime; _module_preset=\u00a0\u00bbdefault\u00a0\u00bb text_font=\u00a0\u00bbPoppins||||||||\u00a0\u00bb text_orientation=\u00a0\u00bbjustified\u00a0\u00bb global_colors_info=\u00a0\u00bb{}\u00a0\u00bb]<\/p>\n<p>Ses comp\u00e9tences sont largement salu\u00e9es par les principaux classements juridiques, dont <i>Chambers &amp; Partners, Legal 500 et Best Lawyers<\/i>, qui le reconnaissent comme une personnalit\u00e9 de renom dans le domaine des financements structur\u00e9s. Il est appr\u00e9ci\u00e9 pour son exp\u00e9rience incomparable et sa capacit\u00e9 \u00e0 mener \u00e0 bien des transactions complexes dans un environnement en constante \u00e9volution :<\/p>\n<ul>\n<li><i>\u201cJonathan Nabarro has seen it all. He can find a solution to any problem\u201d &#8211;<\/i> LEGAL 500 EMEA 2024 (Banking &amp; Finance)<\/li>\n<li><i>\u201cHe is very efficient and pragmatic.\u201d <\/i>&#8211; CHAMBERS FRANCE 2025<\/li>\n<li>\u201cJonathan Nabarro has expertise in financing matters<i>, including leveraged finance and corporate lending. He is further active on debt restructuring matters.<\/i>\u201d &#8211; CHAMBERS FRANCE 2026<\/li>\n<li>\u201cBEST LAWYER in Asset Finance Law, Banking and Finance Law, Leveraged Buyouts, Private Equity Law and Project Finance, and Development Practice\u201d &#8211; BEST LAWYERS 2026<\/li>\n<li>\u00ab\u00a0<i>Jonathan Nabarro is serious and straight to the point.<\/i>\u00a0\u00bb &#8211; CHAMBERS FRANCE 2026<\/li>\n<\/ul>\n<p>[\/et_pb_text][\/et_pb_column][\/et_pb_row][\/et_pb_section][et_pb_section fb_built=\u00a0\u00bb1&Prime; admin_label=\u00a0\u00bbHeader\u00a0\u00bb module_id=\u00a0\u00bbContact\u00a0\u00bb _builder_version=\u00a0\u00bb4.27.4&Prime; _module_preset=\u00a0\u00bbdefault\u00a0\u00bb background_color=\u00a0\u00bb#006962&Prime; custom_padding=\u00a0\u00bb0px||0px||true|false\u00a0\u00bb locked=\u00a0\u00bboff\u00a0\u00bb global_colors_info=\u00a0\u00bb{}\u00a0\u00bb][et_pb_row column_structure=\u00a0\u00bb3_5,2_5&Prime; _builder_version=\u00a0\u00bb4.27.4&Prime; _module_preset=\u00a0\u00bbdefault\u00a0\u00bb custom_padding=\u00a0\u00bb81px||82px|||\u00a0\u00bb global_colors_info=\u00a0\u00bb{}\u00a0\u00bb][et_pb_column type=\u00a0\u00bb3_5&Prime; _builder_version=\u00a0\u00bb4.27.4&Prime; _module_preset=\u00a0\u00bbdefault\u00a0\u00bb global_colors_info=\u00a0\u00bb{}\u00a0\u00bb][et_pb_image src=\u00a0\u00bbhttps:\/\/www.nabarro-beraud.com\/wp-content\/uploads\/2024\/12\/logo.png\u00a0\u00bb title_text=\u00a0\u00bblogo\u00a0\u00bb _builder_version=\u00a0\u00bb4.27.4&Prime; _module_preset=\u00a0\u00bbdefault\u00a0\u00bb width=\u00a0\u00bb22%\u00a0\u00bb global_colors_info=\u00a0\u00bb{}\u00a0\u00bb][\/et_pb_image][et_pb_text _builder_version=\u00a0\u00bb4.27.4&Prime; _module_preset=\u00a0\u00bbb53a70bb-9f62-4ee5-b34f-c7a321ddbf6c\u00a0\u00bb text_font=\u00a0\u00bbPoppins|100|||||||\u00a0\u00bb text_text_color=\u00a0\u00bb#F1EEDD\u00a0\u00bb text_font_size=\u00a0\u00bb16px\u00a0\u00bb header_font=\u00a0\u00bb&#8211;et_global_body_font|100|||||||\u00a0\u00bb header_text_color=\u00a0\u00bb#F1EEDD\u00a0\u00bb header_font_size=\u00a0\u00bb68px\u00a0\u00bb header_2_text_color=\u00a0\u00bb#FFFFFF\u00a0\u00bb custom_margin=\u00a0\u00bb||10px||false|false\u00a0\u00bb custom_margin_phone=\u00a0\u00bb||10px||false|false\u00a0\u00bb custom_margin_last_edited=\u00a0\u00bboff|phone\u00a0\u00bb header_font_size_tablet=\u00a0\u00bb40px\u00a0\u00bb header_font_size_phone=\u00a0\u00bb40px\u00a0\u00bb header_font_size_last_edited=\u00a0\u00bbon|phone\u00a0\u00bb header_line_height_tablet=\u00a0\u00bb1.3em\u00a0\u00bb header_line_height_phone=\u00a0\u00bb1.4em\u00a0\u00bb header_line_height_last_edited=\u00a0\u00bbon|tablet\u00a0\u00bb locked=\u00a0\u00bboff\u00a0\u00bb global_colors_info=\u00a0\u00bb{}\u00a0\u00bb]<\/p>\n<h1>Nous<\/h1>\n<h1>Contacter<\/h1>\n<p>[\/et_pb_text][\/et_pb_column][et_pb_column type=\u00a0\u00bb2_5&Prime; _builder_version=\u00a0\u00bb4.27.4&Prime; _module_preset=\u00a0\u00bbdefault\u00a0\u00bb background_enable_color=\u00a0\u00bboff\u00a0\u00bb global_colors_info=\u00a0\u00bb{}\u00a0\u00bb][et_pb_blurb title=\u00a0\u00bbAdresse\u00a0\u00bb use_icon=\u00a0\u00bbon\u00a0\u00bb font_icon=\u00a0\u00bb&#xe074;||divi||400&Prime; icon_color=\u00a0\u00bb#F1EEDD\u00a0\u00bb icon_placement=\u00a0\u00bbleft\u00a0\u00bb image_icon_width=\u00a0\u00bb24px\u00a0\u00bb _builder_version=\u00a0\u00bb4.27.4&Prime; _module_preset=\u00a0\u00bbdefault\u00a0\u00bb header_font=\u00a0\u00bb&#8211;et_global_body_font||||||||\u00a0\u00bb header_text_color=\u00a0\u00bb#F1EEDD\u00a0\u00bb header_font_size=\u00a0\u00bb19px\u00a0\u00bb body_font=\u00a0\u00bb&#8211;et_global_body_font||||||||\u00a0\u00bb body_text_color=\u00a0\u00bb#FFFFFF\u00a0\u00bb custom_margin=\u00a0\u00bb||-5px|||\u00a0\u00bb custom_padding=\u00a0\u00bb20px||0px|||\u00a0\u00bb border_color_all_image=\u00a0\u00bb#F1EEDD\u00a0\u00bb global_colors_info=\u00a0\u00bb{}\u00a0\u00bb]<\/p>\n<div class=\"adresse\">\n<p>21 rue d\u2019Artois, 75008 Paris<\/p>\n<p>&nbsp;<\/p>\n<\/div>\n<p>[\/et_pb_blurb][et_pb_blurb title=\u00a0\u00bbEmail\u00a0\u00bb use_icon=\u00a0\u00bbon\u00a0\u00bb font_icon=\u00a0\u00bb&#xe076;||divi||400&Prime; icon_color=\u00a0\u00bb#F1EEDD\u00a0\u00bb icon_placement=\u00a0\u00bbleft\u00a0\u00bb image_icon_width=\u00a0\u00bb24px\u00a0\u00bb _builder_version=\u00a0\u00bb4.27.4&Prime; _module_preset=\u00a0\u00bbdefault\u00a0\u00bb header_font=\u00a0\u00bb&#8211;et_global_body_font||||||||\u00a0\u00bb header_text_color=\u00a0\u00bb#F1EEDD\u00a0\u00bb header_font_size=\u00a0\u00bb19px\u00a0\u00bb body_font=\u00a0\u00bb&#8211;et_global_body_font||||||||\u00a0\u00bb body_text_color=\u00a0\u00bb#FFFFFF\u00a0\u00bb custom_margin=\u00a0\u00bb||18px|||\u00a0\u00bb custom_padding=\u00a0\u00bb5px||0px|||\u00a0\u00bb border_color_all_image=\u00a0\u00bb#F1EEDD\u00a0\u00bb global_colors_info=\u00a0\u00bb{}\u00a0\u00bb]<\/p>\n<div class=\"adresse\">\n<p><span style=\"font-size: 14px;\"><\/span><span style=\"color: #ffffff;\">C<a href=\"mailto:contact@nabarro-beraud.com\" style=\"font-size: 14px; color: #ffffff;\">ontact@nabarro-beraud.com<\/a><\/span><\/p>\n<\/div>\n<p>[\/et_pb_blurb][et_pb_blurb title=\u00a0\u00bbLinkedin\u00a0\u00bb url_new_window=\u00a0\u00bbon\u00a0\u00bb use_icon=\u00a0\u00bbon\u00a0\u00bb font_icon=\u00a0\u00bb&#xf0e1;||fa||400&Prime; icon_color=\u00a0\u00bb#F1EEDD\u00a0\u00bb icon_placement=\u00a0\u00bbleft\u00a0\u00bb image_icon_width=\u00a0\u00bb24px\u00a0\u00bb _builder_version=\u00a0\u00bb4.27.4&Prime; _module_preset=\u00a0\u00bbdefault\u00a0\u00bb header_font=\u00a0\u00bb&#8211;et_global_body_font||||||||\u00a0\u00bb header_text_color=\u00a0\u00bb#F1EEDD\u00a0\u00bb header_font_size=\u00a0\u00bb19px\u00a0\u00bb body_font=\u00a0\u00bb&#8211;et_global_body_font||||||||\u00a0\u00bb body_text_color=\u00a0\u00bb#FFFFFF\u00a0\u00bb custom_margin=\u00a0\u00bb||-5px|||\u00a0\u00bb custom_padding=\u00a0\u00bb5px||0px|||\u00a0\u00bb link_option_url=\u00a0\u00bbhttps:\/\/www.linkedin.com\/company\/nabarro-b\u00e9raud-avocats\/\u00a0\u00bb link_option_url_new_window=\u00a0\u00bbon\u00a0\u00bb border_color_all_image=\u00a0\u00bb#F1EEDD\u00a0\u00bb global_colors_info=\u00a0\u00bb{}\u00a0\u00bb]<\/p>\n<div class=\"adresse\">\n<p><span style=\"font-size: 14px;\"><\/span><\/p>\n<\/div>\n<p>[\/et_pb_blurb][\/et_pb_column][\/et_pb_row][\/et_pb_section]<\/p>\n","protected":false},"excerpt":{"rendered":"<p>Jonathan Nabarro Associ\u00e9\u00a0 \u00a0\u00a0 Avocat \u00e0 la Cour depuis 1988, Jonathan est une figure incontournable dans le domaine du droit bancaire et financier en France. Tout au long de sa carri\u00e8re, il a occup\u00e9 des postes de premier plan, en tant qu&rsquo;associ\u00e9 responsable du d\u00e9partement banque\/finance ou de l\u2019\u00e9quipe financement d\u2019acquisition dans plusieurs grands cabinets [&hellip;]<\/p>\n","protected":false},"author":1,"featured_media":0,"parent":0,"menu_order":0,"comment_status":"closed","ping_status":"closed","template":"","meta":{"_et_pb_use_builder":"on","_et_pb_old_content":"","_et_gb_content_width":"","footnotes":""},"class_list":["post-283","page","type-page","status-publish","hentry"],"_links":{"self":[{"href":"https:\/\/www.nabarro-beraud.com\/index.php?rest_route=\/wp\/v2\/pages\/283","targetHints":{"allow":["GET"]}}],"collection":[{"href":"https:\/\/www.nabarro-beraud.com\/index.php?rest_route=\/wp\/v2\/pages"}],"about":[{"href":"https:\/\/www.nabarro-beraud.com\/index.php?rest_route=\/wp\/v2\/types\/page"}],"author":[{"embeddable":true,"href":"https:\/\/www.nabarro-beraud.com\/index.php?rest_route=\/wp\/v2\/users\/1"}],"replies":[{"embeddable":true,"href":"https:\/\/www.nabarro-beraud.com\/index.php?rest_route=%2Fwp%2Fv2%2Fcomments&post=283"}],"version-history":[{"count":11,"href":"https:\/\/www.nabarro-beraud.com\/index.php?rest_route=\/wp\/v2\/pages\/283\/revisions"}],"predecessor-version":[{"id":933,"href":"https:\/\/www.nabarro-beraud.com\/index.php?rest_route=\/wp\/v2\/pages\/283\/revisions\/933"}],"wp:attachment":[{"href":"https:\/\/www.nabarro-beraud.com\/index.php?rest_route=%2Fwp%2Fv2%2Fmedia&parent=283"}],"curies":[{"name":"wp","href":"https:\/\/api.w.org\/{rel}","templated":true}]}}